{"id":9696,"date":"2024-07-02T12:35:27","date_gmt":"2024-07-02T12:35:27","guid":{"rendered":"https:\/\/medzioaibe.lt\/?page_id=9696"},"modified":"2024-07-02T12:37:16","modified_gmt":"2024-07-02T12:37:16","slug":"medienos-sandeliavimo-taisykles","status":"publish","type":"page","link":"https:\/\/medzioaibe.lt\/index.php\/medienos-sandeliavimo-taisykles\/","title":{"rendered":"MEDIENOS SAND\u0116LIAVIMO TAISYKL\u0116S"},"content":{"rendered":"\t\t<div data-elementor-type=\"wp-page\" data-elementor-id=\"9696\" class=\"elementor elementor-9696\" data-elementor-settings=\"{&quot;premium_particles_zindex&quot;:0,&quot;premium_particles_responsive&quot;:[&quot;desktop&quot;,&quot;tablet&quot;,&quot;mobile&quot;]}\" data-elementor-post-type=\"page\">\n\t\t\t\t<div class=\"elementor-element elementor-element-128d7ac8 e-flex e-con-boxed e-con e-parent\" data-id=\"128d7ac8\" data-element_type=\"container\" data-settings=\"{&quot;premium_particles_zindex&quot;:0,&quot;premium_particles_responsive&quot;:[&quot;desktop&quot;,&quot;tablet&quot;,&quot;mobile&quot;]}\">\n\t\t\t\t\t<div class=\"e-con-inner\">\n\t\t\t\t<div class=\"elementor-element elementor-element-57abfe02 elementor-widget elementor-widget-text-editor\" data-id=\"57abfe02\" data-element_type=\"widget\" data-widget_type=\"text-editor.default\">\n\t\t\t\t<div class=\"elementor-widget-container\">\n\t\t\t\t\t\t\t\t\t<div class=\"p1-22e50d75808f-div\"><span class=\"p1-22e50d75808f-span p1-22e50d75808f-text001\"> \u012esigijus<\/span> <span class=\"p1-22e50d75808f-span p1-22e50d75808f-text001\">mediena<\/span> <span class=\"p1-22e50d75808f-span p1-22e50d75808f-text001\">i\u0161<\/span> <span class=\"p1-22e50d75808f-span p1-22e50d75808f-text001\">UAB<\/span> <span class=\"p1-22e50d75808f-span p1-22e50d75808f-text001\">\u201eMed\u017eio<\/span> <span class=\"p1-22e50d75808f-span p1-22e50d75808f-text001\">aib\u0117\u201c<\/span> <span class=\"p1-22e50d75808f-span p1-22e50d75808f-text001\">ir<\/span> <span class=\"p1-22e50d75808f-span p1-22e50d75808f-text001\">siekiant<\/span> <span class=\"p1-22e50d75808f-span p1-22e50d75808f-text001\">i\u0161vengti<\/span> <span class=\"p1-22e50d75808f-span p1-22e50d75808f-text001\">medienos<\/span> <span class=\"p1-22e50d75808f-span p1-22e50d75808f-text001\">gamini\u0173<\/span> <span class=\"p1-22e50d75808f-span p1-22e50d75808f-text001\">(<\/span> <span class=\"p1-22e50d75808f-span p1-22e50d75808f-text001\">lent\u0173,<\/span> <span class=\"p1-22e50d75808f-span p1-22e50d75808f-text001\">ta\u0161\u0173, <\/span><span class=\"p1-22e50d75808f-span p1-22e50d75808f-text001\">dailylen\u010di\u0173,<\/span> <span class=\"p1-22e50d75808f-span p1-22e50d75808f-text001\">terasini\u0173<\/span> <span class=\"p1-22e50d75808f-span p1-22e50d75808f-text001\">ir<\/span> <span class=\"p1-22e50d75808f-span p1-22e50d75808f-text001\">grindini\u0173<\/span> <span class=\"p1-22e50d75808f-span p1-22e50d75808f-text001\">lent\u0173<\/span> <span class=\"p1-22e50d75808f-span p1-22e50d75808f-text001\">bei<\/span> <span class=\"p1-22e50d75808f-span p1-22e50d75808f-text001\">kitos<\/span> <span class=\"p1-22e50d75808f-span p1-22e50d75808f-text001\">pana\u0161ios<\/span> <span class=\"p1-22e50d75808f-span p1-22e50d75808f-text001\">produkcijos)<\/span> <span class=\"p1-22e50d75808f-span p1-22e50d75808f-text001\">deformacij\u0173,<\/span> <span class=\"p1-22e50d75808f-span p1-22e50d75808f-text001\">\u012ftr\u016bkim\u0173, <\/span><span class=\"p1-22e50d75808f-span p1-22e50d75808f-text001\">spalvos<\/span> <span class=\"p1-22e50d75808f-span p1-22e50d75808f-text001\">ar<\/span> <span class=\"p1-22e50d75808f-span p1-22e50d75808f-text001\">dr\u0117gnumo<\/span> <span class=\"p1-22e50d75808f-span p1-22e50d75808f-text001\">pakeitim\u0173,<\/span> <span class=\"p1-22e50d75808f-span p1-22e50d75808f-text001\">bei<\/span> <span class=\"p1-22e50d75808f-span p1-22e50d75808f-text001\">kit\u0173<\/span> <span class=\"p1-22e50d75808f-span p1-22e50d75808f-text001\">kokybini\u0173<\/span> <span class=\"p1-22e50d75808f-span p1-22e50d75808f-text001\">rodikli\u0173<\/span> <span class=\"p1-22e50d75808f-span p1-22e50d75808f-text001\">pablog\u0117jimo<\/span> <span class=\"p1-22e50d75808f-span p1-22e50d75808f-text001\">ar<\/span> <span class=\"p1-22e50d75808f-span p1-22e50d75808f-text001\">mechanini\u0173 <\/span><span class=\"p1-22e50d75808f-span p1-22e50d75808f-text001\">pa\u017eeidim\u0173<\/span> <span class=\"p1-22e50d75808f-span p1-22e50d75808f-text001\">b\u016btina<\/span> <span class=\"p1-22e50d75808f-span p1-22e50d75808f-text001\">u\u017etikrinti<\/span> <span class=\"p1-22e50d75808f-span p1-22e50d75808f-text001\">teising\u0105<\/span> <span class=\"p1-22e50d75808f-span p1-22e50d75808f-text001\">sand\u0117liavim\u0105.<\/span> <span class=\"p1-22e50d75808f-span p1-22e50d75808f-text001\">Taip<\/span> <span class=\"p1-22e50d75808f-span p1-22e50d75808f-text001\">pat<\/span> <span class=\"p1-22e50d75808f-span p1-22e50d75808f-text001\">J\u016bs<\/span> <span class=\"p1-22e50d75808f-span p1-22e50d75808f-text001\">turite<\/span> <span class=\"p1-22e50d75808f-span p1-22e50d75808f-text001\">u\u017etikrinti<\/span> <span class=\"p1-22e50d75808f-span p1-22e50d75808f-text001\">teising\u0105 <\/span><span class=\"p1-22e50d75808f-span p1-22e50d75808f-text001\">sand\u0117liavim\u0105, jei planuojate pirkt\u0105 produkcij\u0105 gr\u0105\u017einti.<\/span><\/div><div>\u00a0<\/div><div class=\"p1-22e50d75808f-div\"><span class=\"p1-22e50d75808f-span p1-22e50d75808f-text002\"> D\u0117l<\/span> <span class=\"p1-22e50d75808f-span p1-22e50d75808f-text002\">produkcijos<\/span> <span class=\"p1-22e50d75808f-span p1-22e50d75808f-text002\">kuri<\/span> <span class=\"p1-22e50d75808f-span p1-22e50d75808f-text002\">buvo<\/span> <span class=\"p1-22e50d75808f-span p1-22e50d75808f-text002\">sand\u0117liuojama<\/span> <span class=\"p1-22e50d75808f-span p1-22e50d75808f-text002\">netinkamai,<\/span> <span class=\"p1-22e50d75808f-span p1-22e50d75808f-text002\">medienos<\/span> <span class=\"p1-22e50d75808f-span p1-22e50d75808f-text002\">gaminiai<\/span> <span class=\"p1-22e50d75808f-span p1-22e50d75808f-text002\">laikomi<\/span> <span class=\"p1-22e50d75808f-span p1-22e50d75808f-text002\">nesilaikant <\/span><span class=\"p1-22e50d75808f-span p1-22e50d75808f-text002\">\u017eemiau<\/span> <span class=\"p1-22e50d75808f-span p1-22e50d75808f-text002\">i\u0161vardyt\u0173<\/span> <span class=\"p1-22e50d75808f-span p1-22e50d75808f-text002\">veiksm\u0173, <\/span> <span class=\"p1-22e50d75808f-span p1-22e50d75808f-text002\">pretenzijos<\/span> <span class=\"p1-22e50d75808f-span p1-22e50d75808f-text002\">d\u0117l<\/span> <span class=\"p1-22e50d75808f-span p1-22e50d75808f-text002\">medienos<\/span> <span class=\"p1-22e50d75808f-span p1-22e50d75808f-text002\">kokyb\u0117s<\/span> <span class=\"p1-22e50d75808f-span p1-22e50d75808f-text002\">nepriimamos,<\/span> <span class=\"p1-22e50d75808f-span p1-22e50d75808f-text002\">preki\u0173<\/span> <span class=\"p1-22e50d75808f-span p1-22e50d75808f-text002\">gr\u0105\u017einimas, <\/span><span class=\"p1-22e50d75808f-span p1-22e50d75808f-text002\">min\u0117tu atveju, taip pat yra negalimas.<\/span><\/div><div>\u00a0<\/div><div class=\"p1-22e50d75808f-div\"><span class=\"p1-22e50d75808f-span p1-22e50d75808f-text002\">Teisingai sand\u0117liuojant medien\u0105, turi b\u016bti u\u017etikrintos \u0161ios s\u0105lygos:<\/span><\/div><div>\u00a0<\/div><div class=\"p1-22e50d75808f-div\"><span class=\"p1-22e50d75808f-span p1-22e50d75808f-text003\">\uf0b7<\/span><span class=\"p1-22e50d75808f-span p1-22e50d75808f-text002\">Sand\u0117liavimo vieta turi b\u016bti apsaugota nuo tiesiogini\u0173 saul\u0117s spinduli\u0173<\/span><\/div><div class=\"p1-22e50d75808f-div\"><span class=\"p1-22e50d75808f-span p1-22e50d75808f-text003\">\uf0b7<\/span><span class=\"p1-22e50d75808f-span p1-22e50d75808f-text002\">Medienos<\/span> <span class=\"p1-22e50d75808f-span p1-22e50d75808f-text002\">produkcija<\/span> <span class=\"p1-22e50d75808f-span p1-22e50d75808f-text002\">turi<\/span> <span class=\"p1-22e50d75808f-span p1-22e50d75808f-text002\">b\u016bti<\/span> <span class=\"p1-22e50d75808f-span p1-22e50d75808f-text002\">sud\u0117ta<\/span> <span class=\"p1-22e50d75808f-span p1-22e50d75808f-text002\">ant<\/span> <span class=\"p1-22e50d75808f-span p1-22e50d75808f-text002\">lygaus<\/span> <span class=\"p1-22e50d75808f-span p1-22e50d75808f-text002\">pagrindo,<\/span> <span class=\"p1-22e50d75808f-span p1-22e50d75808f-text002\">formuojant<\/span> <span class=\"p1-22e50d75808f-span p1-22e50d75808f-text002\">taisyklingos <\/span><span class=\"p1-22e50d75808f-span p1-22e50d75808f-text002\">sta\u010diakampio formos paket\u0105.<\/span><\/div><div class=\"p1-22e50d75808f-div\"><span class=\"p1-22e50d75808f-span p1-22e50d75808f-text003\">\uf0b7<\/span><span class=\"p1-22e50d75808f-span p1-22e50d75808f-text002\">Mediena<\/span> <span class=\"p1-22e50d75808f-span p1-22e50d75808f-text002\">turi<\/span> <span class=\"p1-22e50d75808f-span p1-22e50d75808f-text002\">b\u016bti<\/span> <span class=\"p1-22e50d75808f-span p1-22e50d75808f-text002\">sud\u0117ta<\/span> <span class=\"p1-22e50d75808f-span p1-22e50d75808f-text002\">taip,<\/span> <span class=\"p1-22e50d75808f-span p1-22e50d75808f-text002\">jog<\/span> <span class=\"p1-22e50d75808f-span p1-22e50d75808f-text002\">b\u016bt\u0173<\/span> <span class=\"p1-22e50d75808f-span p1-22e50d75808f-text002\">u\u017etikrinta<\/span> <span class=\"p1-22e50d75808f-span p1-22e50d75808f-text002\">pakankama<\/span> <span class=\"p1-22e50d75808f-span p1-22e50d75808f-text002\">oro<\/span> <span class=\"p1-22e50d75808f-span p1-22e50d75808f-text002\">cirkuliacija.<\/span> <span class=\"p1-22e50d75808f-span p1-22e50d75808f-text002\">Tai <\/span><span class=\"p1-22e50d75808f-span p1-22e50d75808f-text002\">pasiekiama<\/span> <span class=\"p1-22e50d75808f-span p1-22e50d75808f-text002\">mediena<\/span> <span class=\"p1-22e50d75808f-span p1-22e50d75808f-text002\">pakeliant<\/span> <span class=\"p1-22e50d75808f-span p1-22e50d75808f-text002\">nuo<\/span> <span class=\"p1-22e50d75808f-span p1-22e50d75808f-text002\">\u017eem\u0117s<\/span> <span class=\"p1-22e50d75808f-span p1-22e50d75808f-text002\">pagrindo<\/span> <span class=\"p1-22e50d75808f-span p1-22e50d75808f-text002\">7-15<\/span> <span class=\"p1-22e50d75808f-span p1-22e50d75808f-text002\">cm,<\/span> <span class=\"p1-22e50d75808f-span p1-22e50d75808f-text002\">v\u0117liau <\/span> <span class=\"p1-22e50d75808f-span p1-22e50d75808f-text002\">kiekviena<\/span> <span class=\"p1-22e50d75808f-span p1-22e50d75808f-text002\">eil\u0119 <\/span><span class=\"p1-22e50d75808f-span p1-22e50d75808f-text002\">gamini\u0173 <\/span> <span class=\"p1-22e50d75808f-span p1-22e50d75808f-text002\">perklojant<\/span> <span class=\"p1-22e50d75808f-span p1-22e50d75808f-text002\">skersai<\/span> <span class=\"p1-22e50d75808f-span p1-22e50d75808f-text002\">ta\u0161eliu.<\/span> <span class=\"p1-22e50d75808f-span p1-22e50d75808f-text002\">Ta\u0161eliai<\/span> <span class=\"p1-22e50d75808f-span p1-22e50d75808f-text002\">turi<\/span> <span class=\"p1-22e50d75808f-span p1-22e50d75808f-text002\">b\u016bti<\/span> <span class=\"p1-22e50d75808f-span p1-22e50d75808f-text002\">vienodo<\/span> <span class=\"p1-22e50d75808f-span p1-22e50d75808f-text002\">storio,<\/span> <span class=\"p1-22e50d75808f-span p1-22e50d75808f-text002\">rekomenduotina<\/span> <span class=\"p1-22e50d75808f-span p1-22e50d75808f-text002\">ne <\/span><span class=\"p1-22e50d75808f-span p1-22e50d75808f-text002\">ma\u017eiau<\/span> <span class=\"p1-22e50d75808f-span p1-22e50d75808f-text002\">kaip<\/span> <span class=\"p1-22e50d75808f-span p1-22e50d75808f-text002\">15<\/span> <span class=\"p1-22e50d75808f-span p1-22e50d75808f-text002\">mm.<\/span> <span class=\"p1-22e50d75808f-span p1-22e50d75808f-text002\">Min\u0117ti<\/span> <span class=\"p1-22e50d75808f-span p1-22e50d75808f-text002\">ta\u0161eliai<\/span> <span class=\"p1-22e50d75808f-span p1-22e50d75808f-text002\">dedami<\/span> <span class=\"p1-22e50d75808f-span p1-22e50d75808f-text002\">80<\/span> <span class=\"p1-22e50d75808f-span p1-22e50d75808f-text002\">\u2013<\/span> <span class=\"p1-22e50d75808f-span p1-22e50d75808f-text002\">100<\/span> <span class=\"p1-22e50d75808f-span p1-22e50d75808f-text002\">cm<\/span> <span class=\"p1-22e50d75808f-span p1-22e50d75808f-text002\">atstumu<\/span> <span class=\"p1-22e50d75808f-span p1-22e50d75808f-text002\">vienas<\/span> <span class=\"p1-22e50d75808f-span p1-22e50d75808f-text002\">nuo<\/span> <span class=\"p1-22e50d75808f-span p1-22e50d75808f-text002\">kito,<\/span> <span class=\"p1-22e50d75808f-span p1-22e50d75808f-text002\">5<\/span> <span class=\"p1-22e50d75808f-span p1-22e50d75808f-text002\">cm <\/span><span class=\"p1-22e50d75808f-span p1-22e50d75808f-text002\">nuo paketo gal\u0173. <\/span><\/div><div class=\"p1-22e50d75808f-div\"><span class=\"p1-22e50d75808f-span p1-22e50d75808f-text003\">\uf0b7<\/span><span class=\"p1-22e50d75808f-span p1-22e50d75808f-text002\">Ant<\/span> <span class=\"p1-22e50d75808f-span p1-22e50d75808f-text002\">sukrauto<\/span> <span class=\"p1-22e50d75808f-span p1-22e50d75808f-text002\">medienos<\/span> <span class=\"p1-22e50d75808f-span p1-22e50d75808f-text002\">paketo<\/span> <span class=\"p1-22e50d75808f-span p1-22e50d75808f-text002\">vir\u0161aus<\/span> <span class=\"p1-22e50d75808f-span p1-22e50d75808f-text002\">gali<\/span> <span class=\"p1-22e50d75808f-span p1-22e50d75808f-text002\">b\u016bti<\/span> <span class=\"p1-22e50d75808f-span p1-22e50d75808f-text002\">dedamas<\/span> <span class=\"p1-22e50d75808f-span p1-22e50d75808f-text002\">papildomas<\/span> <span class=\"p1-22e50d75808f-span p1-22e50d75808f-text002\">svoris,<\/span> <span class=\"p1-22e50d75808f-span p1-22e50d75808f-text002\">kuris <\/span><span class=\"p1-22e50d75808f-span p1-22e50d75808f-text002\">neleist\u0173<\/span> <span class=\"p1-22e50d75808f-span p1-22e50d75808f-text002\">vir\u0161utiniai<\/span> <span class=\"p1-22e50d75808f-span p1-22e50d75808f-text002\">(<\/span> <span class=\"p1-22e50d75808f-span p1-22e50d75808f-text002\">lent\u0173<\/span> <span class=\"p1-22e50d75808f-span p1-22e50d75808f-text002\">ta\u0161eli\u0173<\/span> <span class=\"p1-22e50d75808f-span p1-22e50d75808f-text002\">)<\/span> <span class=\"p1-22e50d75808f-span p1-22e50d75808f-text002\">eilei<\/span> <span class=\"p1-22e50d75808f-span p1-22e50d75808f-text002\">laisvai<\/span> <span class=\"p1-22e50d75808f-span p1-22e50d75808f-text002\">jud\u0117ti,<\/span> <span class=\"p1-22e50d75808f-span p1-22e50d75808f-text002\">i\u0161linkti.<\/span> <span class=\"p1-22e50d75808f-span p1-22e50d75808f-text002\">Papildomas<\/span> <span class=\"p1-22e50d75808f-span p1-22e50d75808f-text002\">svoris <\/span><span class=\"p1-22e50d75808f-span p1-22e50d75808f-text002\">neleistinas da\u017eytai medienai.<\/span><\/div><div class=\"p1-22e50d75808f-div\"><span class=\"p1-22e50d75808f-span p1-22e50d75808f-text003\">\uf0b7<\/span><span class=\"p1-22e50d75808f-span p1-22e50d75808f-text002\">Sukrautas<\/span> <span class=\"p1-22e50d75808f-span p1-22e50d75808f-text002\">medienos<\/span> <span class=\"p1-22e50d75808f-span p1-22e50d75808f-text002\">paketas<\/span> <span class=\"p1-22e50d75808f-span p1-22e50d75808f-text002\">turi<\/span> <span class=\"p1-22e50d75808f-span p1-22e50d75808f-text002\">b\u016bti<\/span> <span class=\"p1-22e50d75808f-span p1-22e50d75808f-text002\">apsaugotas<\/span> <span class=\"p1-22e50d75808f-span p1-22e50d75808f-text002\">nuo<\/span> <span class=\"p1-22e50d75808f-span p1-22e50d75808f-text002\">krituli\u0173<\/span> <span class=\"p1-22e50d75808f-span p1-22e50d75808f-text002\">taip,<\/span> <span class=\"p1-22e50d75808f-span p1-22e50d75808f-text002\">jog<\/span> <span class=\"p1-22e50d75808f-span p1-22e50d75808f-text002\">b\u016bt\u0173<\/span> <span class=\"p1-22e50d75808f-span p1-22e50d75808f-text002\">u\u017etikrinta<\/span> <span class=\"p1-22e50d75808f-span p1-22e50d75808f-text002\">oro <\/span><span class=\"p1-22e50d75808f-span p1-22e50d75808f-text002\">cirkuliacija,<\/span> <span class=\"p1-22e50d75808f-span p1-22e50d75808f-text002\">negalima<\/span> <span class=\"p1-22e50d75808f-span p1-22e50d75808f-text002\">paketo<\/span> <span class=\"p1-22e50d75808f-span p1-22e50d75808f-text002\">aklinai<\/span> <span class=\"p1-22e50d75808f-span p1-22e50d75808f-text002\">u\u017esandarinti<\/span> <span class=\"p1-22e50d75808f-span p1-22e50d75808f-text002\">pl\u0117vele.<\/span> <span class=\"p1-22e50d75808f-span p1-22e50d75808f-text002\">Taip<\/span> <span class=\"p1-22e50d75808f-span p1-22e50d75808f-text002\">pat<\/span> <span class=\"p1-22e50d75808f-span p1-22e50d75808f-text002\">nelaikyti<\/span> <span class=\"p1-22e50d75808f-span p1-22e50d75808f-text002\">medienos <\/span><span class=\"p1-22e50d75808f-span p1-22e50d75808f-text002\">dr\u0117gnoje, nev\u0117dinamoje patalpoje.<\/span><\/div><div class=\"p1-22e50d75808f-div\"><span class=\"p1-22e50d75808f-span p1-22e50d75808f-text003\">\uf0b7<\/span><span class=\"p1-22e50d75808f-span p1-22e50d75808f-text002\">Nelaikyti<\/span> <span class=\"p1-22e50d75808f-span p1-22e50d75808f-text002\">medienos<\/span> <span class=\"p1-22e50d75808f-span p1-22e50d75808f-text002\">patalpoje,<\/span> <span class=\"p1-22e50d75808f-span p1-22e50d75808f-text002\">kur<\/span> <span class=\"p1-22e50d75808f-span p1-22e50d75808f-text002\">yra<\/span> <span class=\"p1-22e50d75808f-span p1-22e50d75808f-text002\">dideli<\/span> <span class=\"p1-22e50d75808f-span p1-22e50d75808f-text002\">temperat\u016bros<\/span> <span class=\"p1-22e50d75808f-span p1-22e50d75808f-text002\">svyravimai.<\/span> <span class=\"p1-22e50d75808f-span p1-22e50d75808f-text002\">Optimali <\/span><span class=\"p1-22e50d75808f-span p1-22e50d75808f-text002\">temperat\u016bra yra nuo +5 iki +25 laipsni\u0173.<\/span><\/div><div class=\"p1-22e50d75808f-div\"><span class=\"p1-22e50d75808f-span p1-22e50d75808f-text003\">\uf0b7<\/span><span class=\"p1-22e50d75808f-span p1-22e50d75808f-text002\">Jei<\/span> <span class=\"p1-22e50d75808f-span p1-22e50d75808f-text002\">mediena<\/span> <span class=\"p1-22e50d75808f-span p1-22e50d75808f-text002\">da\u017eyta,<\/span> <span class=\"p1-22e50d75808f-span p1-22e50d75808f-text002\">jokiu<\/span> <span class=\"p1-22e50d75808f-span p1-22e50d75808f-text002\">b\u016bdu<\/span> <span class=\"p1-22e50d75808f-span p1-22e50d75808f-text002\">nei\u0161traukite<\/span> <span class=\"p1-22e50d75808f-span p1-22e50d75808f-text002\">perdengimu,<\/span> <span class=\"p1-22e50d75808f-span p1-22e50d75808f-text002\">prie\u0161ingu<\/span> <span class=\"p1-22e50d75808f-span p1-22e50d75808f-text002\">atveju<\/span> <span class=\"p1-22e50d75808f-span p1-22e50d75808f-text002\">lentos<\/span> <span class=\"p1-22e50d75808f-span p1-22e50d75808f-text002\">gali <\/span><span class=\"p1-22e50d75808f-span p1-22e50d75808f-text002\">sulipti arba pasi\u017eeisti da\u017e\u0173 sluoksnis.<\/span><\/div><div class=\"p1-22e50d75808f-div\"><span class=\"p1-22e50d75808f-span p1-22e50d75808f-text003\">\uf0b7<\/span><span class=\"p1-22e50d75808f-span p1-22e50d75808f-text002\">Da\u017eytos<\/span> <span class=\"p1-22e50d75808f-span p1-22e50d75808f-text002\">lentel\u0117s<\/span> <span class=\"p1-22e50d75808f-span p1-22e50d75808f-text002\">negali<\/span> <span class=\"p1-22e50d75808f-span p1-22e50d75808f-text002\">b\u016bti<\/span> <span class=\"p1-22e50d75808f-span p1-22e50d75808f-text002\">sand\u0117liuojamos,<\/span> <span class=\"p1-22e50d75808f-span p1-22e50d75808f-text002\">kur<\/span> <span class=\"p1-22e50d75808f-span p1-22e50d75808f-text002\">yra<\/span> <span class=\"p1-22e50d75808f-span p1-22e50d75808f-text002\">didelis<\/span> <span class=\"p1-22e50d75808f-span p1-22e50d75808f-text002\">kar\u0161tis<\/span> <span class=\"p1-22e50d75808f-span p1-22e50d75808f-text002\">ir<\/span> <span class=\"p1-22e50d75808f-span p1-22e50d75808f-text002\">neventiliuojama <\/span><span class=\"p1-22e50d75808f-span p1-22e50d75808f-text002\">patalpa<\/span> <span class=\"p1-22e50d75808f-span p1-22e50d75808f-text002\">(<\/span> <span class=\"p1-22e50d75808f-span p1-22e50d75808f-text002\">saul\u0117s<\/span> <span class=\"p1-22e50d75808f-span p1-22e50d75808f-text002\">atokaita,<\/span> <span class=\"p1-22e50d75808f-span p1-22e50d75808f-text002\">paketas<\/span> <span class=\"p1-22e50d75808f-span p1-22e50d75808f-text002\">sandariai<\/span> <span class=\"p1-22e50d75808f-span p1-22e50d75808f-text002\">u\u017edarytas<\/span> <span class=\"p1-22e50d75808f-span p1-22e50d75808f-text002\">pl\u0117vele<\/span> <span class=\"p1-22e50d75808f-span p1-22e50d75808f-text002\">ir<\/span> <span class=\"p1-22e50d75808f-span p1-22e50d75808f-text002\">pan.),<\/span> <span class=\"p1-22e50d75808f-span p1-22e50d75808f-text002\">negali<\/span> <span class=\"p1-22e50d75808f-span p1-22e50d75808f-text002\">b\u016bti <\/span><span class=\"p1-22e50d75808f-span p1-22e50d75808f-text002\">sukrautos<\/span> <span class=\"p1-22e50d75808f-span p1-22e50d75808f-text002\">\u012f<\/span> <span class=\"p1-22e50d75808f-span p1-22e50d75808f-text002\">paketa<\/span> <span class=\"p1-22e50d75808f-span p1-22e50d75808f-text002\">auk\u0161tesn\u012f<\/span> <span class=\"p1-22e50d75808f-span p1-22e50d75808f-text002\">nei<\/span> <span class=\"p1-22e50d75808f-span p1-22e50d75808f-text002\">20<\/span> <span class=\"p1-22e50d75808f-span p1-22e50d75808f-text002\">cm<\/span> <span class=\"p1-22e50d75808f-span p1-22e50d75808f-text002\">nuo<\/span> <span class=\"p1-22e50d75808f-span p1-22e50d75808f-text002\">pagrindo<\/span> <span class=\"p1-22e50d75808f-span p1-22e50d75808f-text002\">ar<\/span> <span class=\"p1-22e50d75808f-span p1-22e50d75808f-text002\">kitaip<\/span> <span class=\"p1-22e50d75808f-span p1-22e50d75808f-text002\">b\u016bti<\/span> <span class=\"p1-22e50d75808f-span p1-22e50d75808f-text002\">paveiktos<\/span> <span class=\"p1-22e50d75808f-span p1-22e50d75808f-text002\">papildoma <\/span><span class=\"p1-22e50d75808f-span p1-22e50d75808f-text002\">apkrova.<\/span><\/div><div class=\"p1-22e50d75808f-div\"><span class=\"p1-22e50d75808f-span p1-22e50d75808f-text003\">\uf0b7<\/span><span class=\"p1-22e50d75808f-span p1-22e50d75808f-text002\">Pardav\u0117jo<\/span> <span class=\"p1-22e50d75808f-span p1-22e50d75808f-text002\">\u012f<\/span> <span class=\"p1-22e50d75808f-span p1-22e50d75808f-text002\">pl\u0117vel\u0119<\/span> <span class=\"p1-22e50d75808f-span p1-22e50d75808f-text002\">supakuota<\/span> <span class=\"p1-22e50d75808f-span p1-22e50d75808f-text002\">mediena<\/span> <span class=\"p1-22e50d75808f-span p1-22e50d75808f-text002\">yra<\/span> <span class=\"p1-22e50d75808f-span p1-22e50d75808f-text002\">skirta<\/span> <span class=\"p1-22e50d75808f-span p1-22e50d75808f-text002\">tik transportavimui<\/span> <span class=\"p1-22e50d75808f-span p1-22e50d75808f-text002\">galimiems <\/span><span class=\"p1-22e50d75808f-span p1-22e50d75808f-text002\">pa\u017eeidimams<\/span> <span class=\"p1-22e50d75808f-span p1-22e50d75808f-text002\">i\u0161vengti,<\/span> <span class=\"p1-22e50d75808f-span p1-22e50d75808f-text002\">ta\u010diau<\/span> <span class=\"p1-22e50d75808f-span p1-22e50d75808f-text002\">toks<\/span> <span class=\"p1-22e50d75808f-span p1-22e50d75808f-text002\">supakavimas<\/span> <span class=\"p1-22e50d75808f-span p1-22e50d75808f-text002\">netinkamas<\/span> <span class=\"p1-22e50d75808f-span p1-22e50d75808f-text002\">apsaugai<\/span> <span class=\"p1-22e50d75808f-span p1-22e50d75808f-text002\">nuo<\/span> <span class=\"p1-22e50d75808f-span p1-22e50d75808f-text002\">lietaus. <\/span><span class=\"p1-22e50d75808f-span p1-22e50d75808f-text002\">Gamyklin\u0117s pakuot\u0117s i\u0161ardyti nereik\u0117t\u0173 iki lent\u0173 montavimo.<\/span><\/div><div class=\"p1-22e50d75808f-div\"><span class=\"p1-22e50d75808f-span p1-22e50d75808f-text003\">\uf0b7<\/span><span class=\"p1-22e50d75808f-span p1-22e50d75808f-text002\">Gr\u0105\u017einant mediena Pardav\u0117jui, pakuot\u0117s turi b\u016bti nepa\u017eeistos, \u0161varios.<\/span><\/div>\t\t\t\t\t\t\t\t<\/div>\n\t\t\t\t<\/div>\n\t\t\t\t\t<\/div>\n\t\t\t\t<\/div>\n\t\t\t\t<\/div>\n\t\t","protected":false},"excerpt":{"rendered":"<p>\u012esigijus mediena i\u0161 UAB \u201eMed\u017eio aib\u0117\u201c ir siekiant i\u0161vengti medienos gamini\u0173 ( lent\u0173, ta\u0161\u0173, dailylen\u010di\u0173, terasini\u0173 ir grindini\u0173 lent\u0173 bei kitos pana\u0161ios produkcijos) deformacij\u0173, \u012ftr\u016bkim\u0173, spalvos ar dr\u0117gnumo pakeitim\u0173, bei kit\u0173 kokybini\u0173 rodikli\u0173 pablog\u0117jimo ar mechanini\u0173 pa\u017eeidim\u0173 b\u016btina u\u017etikrinti teising\u0105 [&hellip;]<\/p>\n","protected":false},"author":1,"featured_media":0,"parent":0,"menu_order":0,"comment_status":"closed","ping_status":"closed","template":"","meta":{"footnotes":""},"class_list":["post-9696","page","type-page","status-publish","hentry"],"_links":{"self":[{"href":"https:\/\/medzioaibe.lt\/index.php\/wp-json\/wp\/v2\/pages\/9696"}],"collection":[{"href":"https:\/\/medzioaibe.lt\/index.php\/wp-json\/wp\/v2\/pages"}],"about":[{"href":"https:\/\/medzioaibe.lt\/index.php\/wp-json\/wp\/v2\/types\/page"}],"author":[{"embeddable":true,"href":"https:\/\/medzioaibe.lt\/index.php\/wp-json\/wp\/v2\/users\/1"}],"replies":[{"embeddable":true,"href":"https:\/\/medzioaibe.lt\/index.php\/wp-json\/wp\/v2\/comments?post=9696"}],"version-history":[{"count":4,"href":"https:\/\/medzioaibe.lt\/index.php\/wp-json\/wp\/v2\/pages\/9696\/revisions"}],"predecessor-version":[{"id":9700,"href":"https:\/\/medzioaibe.lt\/index.php\/wp-json\/wp\/v2\/pages\/9696\/revisions\/9700"}],"wp:attachment":[{"href":"https:\/\/medzioaibe.lt\/index.php\/wp-json\/wp\/v2\/media?parent=9696"}],"curies":[{"name":"wp","href":"https:\/\/api.w.org\/{rel}","templated":true}]}}