{"id":10027,"date":"2025-05-27T11:44:01","date_gmt":"2025-05-27T11:44:01","guid":{"rendered":"https:\/\/medzioaibe.lt\/?post_type=product&#038;p=10027"},"modified":"2025-05-27T11:44:01","modified_gmt":"2025-05-27T11:44:01","slug":"konstrukciniai-medvarzciai-su-ipjova-ileidziama-galvute-5x80","status":"publish","type":"product","link":"https:\/\/medzioaibe.lt\/index.php\/produktas\/konstrukciniai-medvarzciai-su-ipjova-ileidziama-galvute-5x80\/","title":{"rendered":"Konstrukciniai medvar\u017e\u010diai su \u012fpjova, \u012fleid\u017eiama galvute, 5&#215;80"},"content":{"rendered":"","protected":false},"excerpt":{"rendered":"<p>Matmenys mm: \u00a0\u00a0\u00a0\u00a0\u00a0\u00a0\u00a0\u00a0\u00a05&#215;80<\/p>\n<p>Galvos forma:\u00a0\u00a0\u00a0\u00a0\u00a0\u00a0\u00a0\u00a0\u00a0\u00a0\u00a0\u00a0\u00a0 \u012eleid\u017eiama<\/p>\n<p>Sukimo antgalis :\u00a0 \u00a0\u00a0\u00a0\u00a0\u00a0\u00a0TX25<\/p>\n<p>Med\u017eiaga:\u00a0\u00a0\u00a0\u00a0\u00a0\u00a0\u00a0\u00a0\u00a0\u00a0\u00a0\u00a0\u00a0 \u00a0\u00a0\u00a0\u00a0\u00a0\u00a0Plienas<\/p>\n<p>Padengimas, spalva:\u00a0\u00a0 Cinkuoti, geltona<\/p>\n<p>Pakuot\u0117:\u00a0 \u00a0\u00a0\u00a0\u00a0\u00a0\u00a0\u00a0\u00a0\u00a0\u00a0\u00a0\u00a0\u00a0\u00a0\u00a0\u00a0\u00a0\u00a0\u00a0\u00a0\u00a0200 vnt.<\/p>\n","protected":false},"featured_media":10031,"template":"","meta":[],"product_brand":[],"product_cat":[92],"product_tag":[],"class_list":{"0":"post-10027","1":"product","2":"type-product","3":"status-publish","4":"has-post-thumbnail","6":"product_cat-medsraigciai","8":"first","9":"instock","10":"shipping-taxable","11":"product-type-simple"},"_links":{"self":[{"href":"https:\/\/medzioaibe.lt\/index.php\/wp-json\/wp\/v2\/product\/10027"}],"collection":[{"href":"https:\/\/medzioaibe.lt\/index.php\/wp-json\/wp\/v2\/product"}],"about":[{"href":"https:\/\/medzioaibe.lt\/index.php\/wp-json\/wp\/v2\/types\/product"}],"wp:featuredmedia":[{"embeddable":true,"href":"https:\/\/medzioaibe.lt\/index.php\/wp-json\/wp\/v2\/media\/10031"}],"wp:attachment":[{"href":"https:\/\/medzioaibe.lt\/index.php\/wp-json\/wp\/v2\/media?parent=10027"}],"wp:term":[{"taxonomy":"product_brand","embeddable":true,"href":"https:\/\/medzioaibe.lt\/index.php\/wp-json\/wp\/v2\/product_brand?post=10027"},{"taxonomy":"product_cat","embeddable":true,"href":"https:\/\/medzioaibe.lt\/index.php\/wp-json\/wp\/v2\/product_cat?post=10027"},{"taxonomy":"product_tag","embeddable":true,"href":"https:\/\/medzioaibe.lt\/index.php\/wp-json\/wp\/v2\/product_tag?post=10027"}],"curies":[{"name":"wp","href":"https:\/\/api.w.org\/{rel}","templated":true}]}}