{"id":10045,"date":"2025-07-15T17:15:27","date_gmt":"2025-07-15T17:15:27","guid":{"rendered":"https:\/\/medzioaibe.lt\/?post_type=product&#038;p=10045"},"modified":"2025-07-15T17:30:26","modified_gmt":"2025-07-15T17:30:26","slug":"terasines-lentos-rw-28x120x4800-ab","status":"publish","type":"product","link":"https:\/\/medzioaibe.lt\/index.php\/produktas\/terasines-lentos-rw-28x120x4800-ab\/","title":{"rendered":"Terasin\u0117s lentos RW TL 27x120x4800 AB"},"content":{"rendered":"","protected":false},"excerpt":{"rendered":"<p>Matmenys mm: 27x120x4800<br \/>\nMedienos profilis: HR40<br \/>\nNaudingas plotis mm: 120<br \/>\nMedienos r\u016b\u0161is: \u0160iaurin\u0117 pu\u0161is<br \/>\nKokyb\u0117s klas\u0117: AB<br \/>\nPavir\u0161iaus apdirbimas: Lygus \/ lygus<\/p>\n<p><strong>Produkto u\u017esakymas:<\/strong><\/p>\n","protected":false},"featured_media":10046,"template":"","meta":[],"product_brand":[],"product_cat":[85],"product_tag":[],"class_list":{"0":"post-10045","1":"product","2":"type-product","3":"status-publish","4":"has-post-thumbnail","6":"product_cat-terasines-lentos","8":"first","9":"instock","10":"shipping-taxable","11":"product-type-simple"},"_links":{"self":[{"href":"https:\/\/medzioaibe.lt\/index.php\/wp-json\/wp\/v2\/product\/10045"}],"collection":[{"href":"https:\/\/medzioaibe.lt\/index.php\/wp-json\/wp\/v2\/product"}],"about":[{"href":"https:\/\/medzioaibe.lt\/index.php\/wp-json\/wp\/v2\/types\/product"}],"wp:featuredmedia":[{"embeddable":true,"href":"https:\/\/medzioaibe.lt\/index.php\/wp-json\/wp\/v2\/media\/10046"}],"wp:attachment":[{"href":"https:\/\/medzioaibe.lt\/index.php\/wp-json\/wp\/v2\/media?parent=10045"}],"wp:term":[{"taxonomy":"product_brand","embeddable":true,"href":"https:\/\/medzioaibe.lt\/index.php\/wp-json\/wp\/v2\/product_brand?post=10045"},{"taxonomy":"product_cat","embeddable":true,"href":"https:\/\/medzioaibe.lt\/index.php\/wp-json\/wp\/v2\/product_cat?post=10045"},{"taxonomy":"product_tag","embeddable":true,"href":"https:\/\/medzioaibe.lt\/index.php\/wp-json\/wp\/v2\/product_tag?post=10045"}],"curies":[{"name":"wp","href":"https:\/\/api.w.org\/{rel}","templated":true}]}}