{"id":10054,"date":"2025-07-16T16:23:50","date_gmt":"2025-07-16T16:23:50","guid":{"rendered":"https:\/\/medzioaibe.lt\/?post_type=product&#038;p=10054"},"modified":"2025-07-16T16:28:47","modified_gmt":"2025-07-16T16:28:47","slug":"lauko-dailylente-ww-uyvk-18x146x5100-bc","status":"publish","type":"product","link":"https:\/\/medzioaibe.lt\/index.php\/produktas\/lauko-dailylente-ww-uyvk-18x146x5100-bc\/","title":{"rendered":"Lauko dailylent\u0117 WW UYVK 18x146x5100 BC"},"content":{"rendered":"","protected":false},"excerpt":{"rendered":"<p>Matmenys mm: 18x146x5100<br \/>\nMedienos profilis: UYVK<br \/>\nNaudingas plotis mm: 136<br \/>\nMedienos r\u016b\u0161is: \u0160iaurin\u0117 egl\u0117<br \/>\nKokyb\u0117s klas\u0117: BC<br \/>\nPavir\u0161iaus apdirbimas: \u0160iurk\u0161tus<\/p>\n<p><strong>Produkto u\u017esakymas:<\/strong><\/p>\n","protected":false},"featured_media":10050,"template":"","meta":[],"product_brand":[],"product_cat":[83],"product_tag":[],"class_list":{"0":"post-10054","1":"product","2":"type-product","3":"status-publish","4":"has-post-thumbnail","6":"product_cat-lauko-dailylentes","8":"first","9":"instock","10":"shipping-taxable","11":"product-type-simple"},"_links":{"self":[{"href":"https:\/\/medzioaibe.lt\/index.php\/wp-json\/wp\/v2\/product\/10054"}],"collection":[{"href":"https:\/\/medzioaibe.lt\/index.php\/wp-json\/wp\/v2\/product"}],"about":[{"href":"https:\/\/medzioaibe.lt\/index.php\/wp-json\/wp\/v2\/types\/product"}],"wp:featuredmedia":[{"embeddable":true,"href":"https:\/\/medzioaibe.lt\/index.php\/wp-json\/wp\/v2\/media\/10050"}],"wp:attachment":[{"href":"https:\/\/medzioaibe.lt\/index.php\/wp-json\/wp\/v2\/media?parent=10054"}],"wp:term":[{"taxonomy":"product_brand","embeddable":true,"href":"https:\/\/medzioaibe.lt\/index.php\/wp-json\/wp\/v2\/product_brand?post=10054"},{"taxonomy":"product_cat","embeddable":true,"href":"https:\/\/medzioaibe.lt\/index.php\/wp-json\/wp\/v2\/product_cat?post=10054"},{"taxonomy":"product_tag","embeddable":true,"href":"https:\/\/medzioaibe.lt\/index.php\/wp-json\/wp\/v2\/product_tag?post=10054"}],"curies":[{"name":"wp","href":"https:\/\/api.w.org\/{rel}","templated":true}]}}