{"id":10064,"date":"2025-07-16T16:39:12","date_gmt":"2025-07-16T16:39:12","guid":{"rendered":"https:\/\/medzioaibe.lt\/?post_type=product&#038;p=10064"},"modified":"2025-07-16T16:45:52","modified_gmt":"2025-07-16T16:45:52","slug":"lauko-dailylente-ww-uysk-18x146x5400-bc","status":"publish","type":"product","link":"https:\/\/medzioaibe.lt\/index.php\/produktas\/lauko-dailylente-ww-uysk-18x146x5400-bc\/","title":{"rendered":"Lauko dailylent\u0117 WW UYSK 18x146x5400 BC"},"content":{"rendered":"","protected":false},"excerpt":{"rendered":"<p>Matmenys mm: 18x146x5400<br \/>\nMedienos profilis: UYSK<br \/>\nNaudingas plotis mm: 136<br \/>\nMedienos r\u016b\u0161is: \u0160iaurin\u0117 egl\u0117<br \/>\nKokyb\u0117s klas\u0117: BC<br \/>\nPavir\u0161iaus apdirbimas: \u0160iurk\u0161tus<\/p>\n<p><strong>Produkto u\u017esakymas:<\/strong><\/p>\n","protected":false},"featured_media":10061,"template":"","meta":[],"product_brand":[],"product_cat":[83],"product_tag":[],"class_list":{"0":"post-10064","1":"product","2":"type-product","3":"status-publish","4":"has-post-thumbnail","6":"product_cat-lauko-dailylentes","8":"first","9":"instock","10":"shipping-taxable","11":"product-type-simple"},"_links":{"self":[{"href":"https:\/\/medzioaibe.lt\/index.php\/wp-json\/wp\/v2\/product\/10064"}],"collection":[{"href":"https:\/\/medzioaibe.lt\/index.php\/wp-json\/wp\/v2\/product"}],"about":[{"href":"https:\/\/medzioaibe.lt\/index.php\/wp-json\/wp\/v2\/types\/product"}],"wp:featuredmedia":[{"embeddable":true,"href":"https:\/\/medzioaibe.lt\/index.php\/wp-json\/wp\/v2\/media\/10061"}],"wp:attachment":[{"href":"https:\/\/medzioaibe.lt\/index.php\/wp-json\/wp\/v2\/media?parent=10064"}],"wp:term":[{"taxonomy":"product_brand","embeddable":true,"href":"https:\/\/medzioaibe.lt\/index.php\/wp-json\/wp\/v2\/product_brand?post=10064"},{"taxonomy":"product_cat","embeddable":true,"href":"https:\/\/medzioaibe.lt\/index.php\/wp-json\/wp\/v2\/product_cat?post=10064"},{"taxonomy":"product_tag","embeddable":true,"href":"https:\/\/medzioaibe.lt\/index.php\/wp-json\/wp\/v2\/product_tag?post=10064"}],"curies":[{"name":"wp","href":"https:\/\/api.w.org\/{rel}","templated":true}]}}