{"id":10078,"date":"2026-03-24T15:36:12","date_gmt":"2026-03-24T15:36:12","guid":{"rendered":"https:\/\/medzioaibe.lt\/?post_type=product&#038;p=10078"},"modified":"2026-03-24T16:44:31","modified_gmt":"2026-03-24T16:44:31","slug":"pakelta-lysve-15-m-x-075-m-x-h-38-cm-impregnuota-kopija","status":"publish","type":"product","link":"https:\/\/medzioaibe.lt\/index.php\/produktas\/pakelta-lysve-15-m-x-075-m-x-h-38-cm-impregnuota-kopija\/","title":{"rendered":"Pakelta lysv\u0117  1,5 m x 0,75 m x h 38 cm,  impregnuota"},"content":{"rendered":"","protected":false},"excerpt":{"rendered":"<p>Matmenys:<br \/>\nIlgis\u00a0 mm:\u00a0 \u00a01500<br \/>\nPlotis mm: 750<br \/>\nAuk\u0161tis mm: 380<br \/>\nMedienos storis mm:\u00a0 27<br \/>\nMedienos r\u016b\u0161is: \u0160iaurin\u0117 pu\u0161is<br \/>\nPavir\u0161iaus padengimas: \u00a0impregnuotas vakuuminiu b\u016bdu H3, ruda<\/p>\n<p><strong>Papildoma informacija:\u00a0 \u00a0Gaminame ir pagal individualius u\u017esakymus<\/strong><br \/>\nIlgiai m: 4,0;  3,0; \u00a02,0;\u00a0 \u00a01,5;\u00a0 \u00a01,0<br \/>\nPlotis m:\u00a0 nuo 0,75 iki 1,3<\/p>\n<p><strong>Produkto u\u017esakymas:<\/strong><\/p>\n","protected":false},"featured_media":10080,"template":"","meta":[],"product_brand":[],"product_cat":[89],"product_tag":[],"class_list":{"0":"post-10078","1":"product","2":"type-product","3":"status-publish","4":"has-post-thumbnail","6":"product_cat-medienos-dirbiniai","8":"first","9":"instock","10":"shipping-taxable","11":"product-type-simple"},"_links":{"self":[{"href":"https:\/\/medzioaibe.lt\/index.php\/wp-json\/wp\/v2\/product\/10078"}],"collection":[{"href":"https:\/\/medzioaibe.lt\/index.php\/wp-json\/wp\/v2\/product"}],"about":[{"href":"https:\/\/medzioaibe.lt\/index.php\/wp-json\/wp\/v2\/types\/product"}],"wp:featuredmedia":[{"embeddable":true,"href":"https:\/\/medzioaibe.lt\/index.php\/wp-json\/wp\/v2\/media\/10080"}],"wp:attachment":[{"href":"https:\/\/medzioaibe.lt\/index.php\/wp-json\/wp\/v2\/media?parent=10078"}],"wp:term":[{"taxonomy":"product_brand","embeddable":true,"href":"https:\/\/medzioaibe.lt\/index.php\/wp-json\/wp\/v2\/product_brand?post=10078"},{"taxonomy":"product_cat","embeddable":true,"href":"https:\/\/medzioaibe.lt\/index.php\/wp-json\/wp\/v2\/product_cat?post=10078"},{"taxonomy":"product_tag","embeddable":true,"href":"https:\/\/medzioaibe.lt\/index.php\/wp-json\/wp\/v2\/product_tag?post=10078"}],"curies":[{"name":"wp","href":"https:\/\/api.w.org\/{rel}","templated":true}]}}