{"id":9869,"date":"2024-08-25T14:03:30","date_gmt":"2024-08-25T14:03:30","guid":{"rendered":"https:\/\/medzioaibe.lt\/?post_type=product&#038;p=9869"},"modified":"2024-08-25T14:18:54","modified_gmt":"2024-08-25T14:18:54","slug":"grindines-lentos-21x121x5400-bc","status":"publish","type":"product","link":"https:\/\/medzioaibe.lt\/index.php\/produktas\/grindines-lentos-21x121x5400-bc\/","title":{"rendered":"Grindin\u0117s lentos 21x121x5400 BC"},"content":{"rendered":"","protected":false},"excerpt":{"rendered":"<p>Matmenys mm: 21x121x5400<br \/>\nMedienos profilis: RPLO<br \/>\nNaudingas plotis mm: 115<br \/>\nMedienos r\u016b\u0161is: \u0160iaurin\u0117 egl\u0117<br \/>\nKokyb\u0117s klas\u0117: BC<br \/>\nPavir\u0161iaus apdirbimas: Lygus<\/p>\n<p><strong>Produkto u\u017esakymas:<\/strong><\/p>\n","protected":false},"featured_media":9871,"template":"","meta":[],"product_brand":[],"product_cat":[87],"product_tag":[],"class_list":{"0":"post-9869","1":"product","2":"type-product","3":"status-publish","4":"has-post-thumbnail","6":"product_cat-grindines-lentos","8":"first","9":"instock","10":"shipping-taxable","11":"product-type-simple"},"_links":{"self":[{"href":"https:\/\/medzioaibe.lt\/index.php\/wp-json\/wp\/v2\/product\/9869"}],"collection":[{"href":"https:\/\/medzioaibe.lt\/index.php\/wp-json\/wp\/v2\/product"}],"about":[{"href":"https:\/\/medzioaibe.lt\/index.php\/wp-json\/wp\/v2\/types\/product"}],"wp:featuredmedia":[{"embeddable":true,"href":"https:\/\/medzioaibe.lt\/index.php\/wp-json\/wp\/v2\/media\/9871"}],"wp:attachment":[{"href":"https:\/\/medzioaibe.lt\/index.php\/wp-json\/wp\/v2\/media?parent=9869"}],"wp:term":[{"taxonomy":"product_brand","embeddable":true,"href":"https:\/\/medzioaibe.lt\/index.php\/wp-json\/wp\/v2\/product_brand?post=9869"},{"taxonomy":"product_cat","embeddable":true,"href":"https:\/\/medzioaibe.lt\/index.php\/wp-json\/wp\/v2\/product_cat?post=9869"},{"taxonomy":"product_tag","embeddable":true,"href":"https:\/\/medzioaibe.lt\/index.php\/wp-json\/wp\/v2\/product_tag?post=9869"}],"curies":[{"name":"wp","href":"https:\/\/api.w.org\/{rel}","templated":true}]}}