{"id":9884,"date":"2024-08-25T14:36:25","date_gmt":"2024-08-25T14:36:25","guid":{"rendered":"https:\/\/medzioaibe.lt\/?post_type=product&#038;p=9884"},"modified":"2025-07-15T17:23:21","modified_gmt":"2025-07-15T17:23:21","slug":"terasines-lentos-28x120x5100-ab","status":"publish","type":"product","link":"https:\/\/medzioaibe.lt\/index.php\/produktas\/terasines-lentos-28x120x5100-ab\/","title":{"rendered":"Terasin\u0117s lentos RW 28x120x5100 AB"},"content":{"rendered":"","protected":false},"excerpt":{"rendered":"<p>Matmenys mm: 28x120x5100<br \/>\nMedienos profilis: DECK<br \/>\nNaudingas plotis mm: 120<br \/>\nMedienos r\u016b\u0161is: \u0160iaurin\u0117 pu\u0161is<br \/>\nKokyb\u0117s klas\u0117: AB<br \/>\nPavir\u0161iaus apdirbimas: Rifliuotas \/ lygus<\/p>\n<p><strong>Produkto u\u017esakymas:<\/strong><\/p>\n","protected":false},"featured_media":9921,"template":"","meta":[],"product_brand":[],"product_cat":[85,93],"product_tag":[],"class_list":{"0":"post-9884","1":"product","2":"type-product","3":"status-publish","4":"has-post-thumbnail","6":"product_cat-terasines-lentos","7":"product_cat-akcija","9":"first","10":"instock","11":"sale","12":"shipping-taxable","13":"product-type-simple"},"_links":{"self":[{"href":"https:\/\/medzioaibe.lt\/index.php\/wp-json\/wp\/v2\/product\/9884"}],"collection":[{"href":"https:\/\/medzioaibe.lt\/index.php\/wp-json\/wp\/v2\/product"}],"about":[{"href":"https:\/\/medzioaibe.lt\/index.php\/wp-json\/wp\/v2\/types\/product"}],"wp:featuredmedia":[{"embeddable":true,"href":"https:\/\/medzioaibe.lt\/index.php\/wp-json\/wp\/v2\/media\/9921"}],"wp:attachment":[{"href":"https:\/\/medzioaibe.lt\/index.php\/wp-json\/wp\/v2\/media?parent=9884"}],"wp:term":[{"taxonomy":"product_brand","embeddable":true,"href":"https:\/\/medzioaibe.lt\/index.php\/wp-json\/wp\/v2\/product_brand?post=9884"},{"taxonomy":"product_cat","embeddable":true,"href":"https:\/\/medzioaibe.lt\/index.php\/wp-json\/wp\/v2\/product_cat?post=9884"},{"taxonomy":"product_tag","embeddable":true,"href":"https:\/\/medzioaibe.lt\/index.php\/wp-json\/wp\/v2\/product_tag?post=9884"}],"curies":[{"name":"wp","href":"https:\/\/api.w.org\/{rel}","templated":true}]}}