{"id":9892,"date":"2024-08-25T15:08:57","date_gmt":"2024-08-25T15:08:57","guid":{"rendered":"https:\/\/medzioaibe.lt\/?post_type=product&#038;p=9892"},"modified":"2024-10-02T17:03:14","modified_gmt":"2024-10-02T17:03:14","slug":"vidaus-dailylente-ww-stfo-11x96x3000-ab","status":"publish","type":"product","link":"https:\/\/medzioaibe.lt\/index.php\/produktas\/vidaus-dailylente-ww-stfo-11x96x3000-ab\/","title":{"rendered":"Vidaus dailylent\u0117 WW STFO 11x96x3000 AB"},"content":{"rendered":"","protected":false},"excerpt":{"rendered":"<p>Matmenys mm: 11x96x3000<br \/>\nMedienos profilis: STFO<br \/>\nNaudingas plotis mm: 88<br \/>\nMedienos r\u016b\u0161is: \u0160iaurin\u0117 egl\u0117<br \/>\nKokyb\u0117s klas\u0117: AB<br \/>\nPavir\u0161iaus apdirbimas: Lygus<\/p>\n<p><strong>Produkto u\u017esakymas:<\/strong><\/p>\n","protected":false},"featured_media":9891,"template":"","meta":[],"product_brand":[],"product_cat":[86,93],"product_tag":[],"class_list":{"0":"post-9892","1":"product","2":"type-product","3":"status-publish","4":"has-post-thumbnail","6":"product_cat-vidaus-dailylentes","7":"product_cat-akcija","9":"first","10":"instock","11":"sale","12":"shipping-taxable","13":"product-type-simple"},"_links":{"self":[{"href":"https:\/\/medzioaibe.lt\/index.php\/wp-json\/wp\/v2\/product\/9892"}],"collection":[{"href":"https:\/\/medzioaibe.lt\/index.php\/wp-json\/wp\/v2\/product"}],"about":[{"href":"https:\/\/medzioaibe.lt\/index.php\/wp-json\/wp\/v2\/types\/product"}],"wp:featuredmedia":[{"embeddable":true,"href":"https:\/\/medzioaibe.lt\/index.php\/wp-json\/wp\/v2\/media\/9891"}],"wp:attachment":[{"href":"https:\/\/medzioaibe.lt\/index.php\/wp-json\/wp\/v2\/media?parent=9892"}],"wp:term":[{"taxonomy":"product_brand","embeddable":true,"href":"https:\/\/medzioaibe.lt\/index.php\/wp-json\/wp\/v2\/product_brand?post=9892"},{"taxonomy":"product_cat","embeddable":true,"href":"https:\/\/medzioaibe.lt\/index.php\/wp-json\/wp\/v2\/product_cat?post=9892"},{"taxonomy":"product_tag","embeddable":true,"href":"https:\/\/medzioaibe.lt\/index.php\/wp-json\/wp\/v2\/product_tag?post=9892"}],"curies":[{"name":"wp","href":"https:\/\/api.w.org\/{rel}","templated":true}]}}