{"id":9952,"date":"2024-10-02T15:24:22","date_gmt":"2024-10-02T15:24:22","guid":{"rendered":"https:\/\/medzioaibe.lt\/?post_type=product&#038;p=9952"},"modified":"2025-05-14T22:11:24","modified_gmt":"2025-05-14T22:11:24","slug":"lauko-dailylente-ww-utfo-18x146x4800-bc","status":"publish","type":"product","link":"https:\/\/medzioaibe.lt\/index.php\/produktas\/lauko-dailylente-ww-utfo-18x146x4800-bc\/","title":{"rendered":"Lauko dailylent\u0117 WW UTFO 18x146x4800 BC"},"content":{"rendered":"","protected":false},"excerpt":{"rendered":"<p>Matmenys mm: 18x146x4800<br \/>\nMedienos profilis: UTFO<br \/>\nNaudingas plotis mm: 138<br \/>\nMedienos r\u016b\u0161is: \u0160iaurin\u0117 egl\u0117<br \/>\nKokyb\u0117s klas\u0117: BC<br \/>\nPavir\u0161iaus apdirbimas: Lygus<\/p>\n<p><strong>Papildoma informacija:\u00a0 \u00a0Perkant didesn\u012f kiek\u012f taikoma nuolaida.<\/strong><\/p>\n<p><strong>Produkto u\u017esakymas:<\/strong><\/p>\n","protected":false},"featured_media":9954,"template":"","meta":[],"product_brand":[],"product_cat":[83],"product_tag":[],"class_list":{"0":"post-9952","1":"product","2":"type-product","3":"status-publish","4":"has-post-thumbnail","6":"product_cat-lauko-dailylentes","8":"first","9":"instock","10":"shipping-taxable","11":"product-type-simple"},"_links":{"self":[{"href":"https:\/\/medzioaibe.lt\/index.php\/wp-json\/wp\/v2\/product\/9952"}],"collection":[{"href":"https:\/\/medzioaibe.lt\/index.php\/wp-json\/wp\/v2\/product"}],"about":[{"href":"https:\/\/medzioaibe.lt\/index.php\/wp-json\/wp\/v2\/types\/product"}],"wp:featuredmedia":[{"embeddable":true,"href":"https:\/\/medzioaibe.lt\/index.php\/wp-json\/wp\/v2\/media\/9954"}],"wp:attachment":[{"href":"https:\/\/medzioaibe.lt\/index.php\/wp-json\/wp\/v2\/media?parent=9952"}],"wp:term":[{"taxonomy":"product_brand","embeddable":true,"href":"https:\/\/medzioaibe.lt\/index.php\/wp-json\/wp\/v2\/product_brand?post=9952"},{"taxonomy":"product_cat","embeddable":true,"href":"https:\/\/medzioaibe.lt\/index.php\/wp-json\/wp\/v2\/product_cat?post=9952"},{"taxonomy":"product_tag","embeddable":true,"href":"https:\/\/medzioaibe.lt\/index.php\/wp-json\/wp\/v2\/product_tag?post=9952"}],"curies":[{"name":"wp","href":"https:\/\/api.w.org\/{rel}","templated":true}]}}