{"id":9963,"date":"2024-10-02T17:08:01","date_gmt":"2024-10-02T17:08:01","guid":{"rendered":"https:\/\/medzioaibe.lt\/?post_type=product&#038;p=9963"},"modified":"2025-05-30T11:22:45","modified_gmt":"2025-05-30T11:22:45","slug":"vidaus-dailylente-rw-stf0-14x146x4500-bc","status":"publish","type":"product","link":"https:\/\/medzioaibe.lt\/index.php\/produktas\/vidaus-dailylente-rw-stf0-14x146x4500-bc\/","title":{"rendered":"Vidaus dailylent\u0117 RW STF0 14x146x4500 BC"},"content":{"rendered":"","protected":false},"excerpt":{"rendered":"<p>Matmenys mm: 14x146x4500<br \/>\nMedienos profilis: STFO<br \/>\nNaudingas plotis mm: 138<br \/>\nMedienos r\u016b\u0161is: Pu\u0161is<br \/>\nKokyb\u0117s klas\u0117: BC<br \/>\nPavir\u0161iaus apdirbimas: Lygus<\/p>\n<p><strong>Papildoma informacija: Perkant didesn\u012f kiek\u012f taikoma nuolaida.<\/strong><\/p>\n<p><strong>Produkto u\u017esakymas:<\/strong><\/p>\n","protected":false},"featured_media":9925,"template":"","meta":[],"product_brand":[],"product_cat":[86],"product_tag":[],"class_list":{"0":"post-9963","1":"product","2":"type-product","3":"status-publish","4":"has-post-thumbnail","6":"product_cat-vidaus-dailylentes","8":"first","9":"instock","10":"shipping-taxable","11":"product-type-simple"},"_links":{"self":[{"href":"https:\/\/medzioaibe.lt\/index.php\/wp-json\/wp\/v2\/product\/9963"}],"collection":[{"href":"https:\/\/medzioaibe.lt\/index.php\/wp-json\/wp\/v2\/product"}],"about":[{"href":"https:\/\/medzioaibe.lt\/index.php\/wp-json\/wp\/v2\/types\/product"}],"wp:featuredmedia":[{"embeddable":true,"href":"https:\/\/medzioaibe.lt\/index.php\/wp-json\/wp\/v2\/media\/9925"}],"wp:attachment":[{"href":"https:\/\/medzioaibe.lt\/index.php\/wp-json\/wp\/v2\/media?parent=9963"}],"wp:term":[{"taxonomy":"product_brand","embeddable":true,"href":"https:\/\/medzioaibe.lt\/index.php\/wp-json\/wp\/v2\/product_brand?post=9963"},{"taxonomy":"product_cat","embeddable":true,"href":"https:\/\/medzioaibe.lt\/index.php\/wp-json\/wp\/v2\/product_cat?post=9963"},{"taxonomy":"product_tag","embeddable":true,"href":"https:\/\/medzioaibe.lt\/index.php\/wp-json\/wp\/v2\/product_tag?post=9963"}],"curies":[{"name":"wp","href":"https:\/\/api.w.org\/{rel}","templated":true}]}}