{"id":9971,"date":"2024-10-03T17:57:51","date_gmt":"2024-10-03T17:57:51","guid":{"rendered":"https:\/\/medzioaibe.lt\/?post_type=product&#038;p=9971"},"modified":"2024-10-03T18:59:52","modified_gmt":"2024-10-03T18:59:52","slug":"smelio-deze-15-m-x-15-m-x-h-23-cm","status":"publish","type":"product","link":"https:\/\/medzioaibe.lt\/index.php\/produktas\/smelio-deze-15-m-x-15-m-x-h-23-cm\/","title":{"rendered":"Sm\u0117lio d\u0117\u017e\u0117  1,5 m x 1,5 m x h 23 cm"},"content":{"rendered":"","protected":false},"excerpt":{"rendered":"<p>Matmenys:<br \/>\nIlgis\u00a0 mm:\u00a0 \u00a01500<br \/>\nPlotis mm: 1500<br \/>\nAuk\u0161tis mm: 230<br \/>\nMedienos storis mm:\u00a0 21 \/ 18<br \/>\nMedienos r\u016b\u0161is: \u0160iaurin\u0117 egl\u0117<br \/>\nPavir\u0161iaus padengimas: <strong>nat\u016bralus<\/strong>, ( impregnuotas rudai, aliejuotas )<\/p>\n<p><strong>Papildoma informacija:\u00a0 \u00a0Gaminame ir pagal individualius u\u017esakymus<\/strong><\/p>\n<p><strong>Produkto u\u017esakymas:<\/strong><\/p>\n","protected":false},"featured_media":9978,"template":"","meta":[],"product_brand":[],"product_cat":[89],"product_tag":[],"class_list":{"0":"post-9971","1":"product","2":"type-product","3":"status-publish","4":"has-post-thumbnail","6":"product_cat-medienos-dirbiniai","8":"first","9":"instock","10":"shipping-taxable","11":"product-type-simple"},"_links":{"self":[{"href":"https:\/\/medzioaibe.lt\/index.php\/wp-json\/wp\/v2\/product\/9971"}],"collection":[{"href":"https:\/\/medzioaibe.lt\/index.php\/wp-json\/wp\/v2\/product"}],"about":[{"href":"https:\/\/medzioaibe.lt\/index.php\/wp-json\/wp\/v2\/types\/product"}],"wp:featuredmedia":[{"embeddable":true,"href":"https:\/\/medzioaibe.lt\/index.php\/wp-json\/wp\/v2\/media\/9978"}],"wp:attachment":[{"href":"https:\/\/medzioaibe.lt\/index.php\/wp-json\/wp\/v2\/media?parent=9971"}],"wp:term":[{"taxonomy":"product_brand","embeddable":true,"href":"https:\/\/medzioaibe.lt\/index.php\/wp-json\/wp\/v2\/product_brand?post=9971"},{"taxonomy":"product_cat","embeddable":true,"href":"https:\/\/medzioaibe.lt\/index.php\/wp-json\/wp\/v2\/product_cat?post=9971"},{"taxonomy":"product_tag","embeddable":true,"href":"https:\/\/medzioaibe.lt\/index.php\/wp-json\/wp\/v2\/product_tag?post=9971"}],"curies":[{"name":"wp","href":"https:\/\/api.w.org\/{rel}","templated":true}]}}